{"id":1460,"date":"2024-03-14T09:12:48","date_gmt":"2024-03-14T09:12:48","guid":{"rendered":"https:\/\/cmuz.unitbv.ro\/?page_id=1460"},"modified":"2024-03-14T09:16:33","modified_gmt":"2024-03-14T09:16:33","slug":"contact","status":"publish","type":"page","link":"https:\/\/centrulmuzical.unitbv.ro\/index.php\/contact\/","title":{"rendered":"Contact"},"content":{"rendered":"\t\t<div data-elementor-type=\"wp-page\" data-elementor-id=\"1460\" class=\"elementor elementor-1460\">\n\t\t\t\t<div class=\"elementor-element elementor-element-6783bdf e-flex e-con-boxed e-con e-parent\" data-id=\"6783bdf\" data-element_type=\"container\" data-core-v316-plus=\"true\">\n\t\t\t\t\t<div class=\"e-con-inner\">\n\t\t\t\t<div class=\"elementor-element elementor-element-1481828 elementor-widget elementor-widget-heading\" data-id=\"1481828\" data-element_type=\"widget\" data-widget_type=\"heading.default\">\n\t\t\t\t<div class=\"elementor-widget-container\">\n\t\t\t<style>\/*! elementor - v3.20.0 - 13-03-2024 *\/\n.elementor-heading-title{padding:0;margin:0;line-height:1}.elementor-widget-heading .elementor-heading-title[class*=elementor-size-]>a{color:inherit;font-size:inherit;line-height:inherit}.elementor-widget-heading .elementor-heading-title.elementor-size-small{font-size:15px}.elementor-widget-heading .elementor-heading-title.elementor-size-medium{font-size:19px}.elementor-widget-heading .elementor-heading-title.elementor-size-large{font-size:29px}.elementor-widget-heading .elementor-heading-title.elementor-size-xl{font-size:39px}.elementor-widget-heading .elementor-heading-title.elementor-size-xxl{font-size:59px}<\/style><h2 class=\"elementor-heading-title elementor-size-default\">CONTACT<\/h2>\t\t<\/div>\n\t\t\t\t<\/div>\n\t\t\t\t\t<\/div>\n\t\t\t\t<\/div>\n\t\t<div class=\"elementor-element elementor-element-6e30469 e-flex e-con-boxed e-con e-parent\" data-id=\"6e30469\" data-element_type=\"container\" data-core-v316-plus=\"true\">\n\t\t\t\t\t<div class=\"e-con-inner\">\n\t\t\t\t<div class=\"elementor-element elementor-element-cd59276 elementor-widget elementor-widget-text-editor\" data-id=\"cd59276\" data-element_type=\"widget\" data-widget_type=\"text-editor.default\">\n\t\t\t\t<div class=\"elementor-widget-container\">\n\t\t\t<style>\/*! elementor - v3.20.0 - 13-03-2024 *\/\n.elementor-widget-text-editor.elementor-drop-cap-view-stacked .elementor-drop-cap{background-color:#69727d;color:#fff}.elementor-widget-text-editor.elementor-drop-cap-view-framed .elementor-drop-cap{color:#69727d;border:3px solid;background-color:transparent}.elementor-widget-text-editor:not(.elementor-drop-cap-view-default) .elementor-drop-cap{margin-top:8px}.elementor-widget-text-editor:not(.elementor-drop-cap-view-default) .elementor-drop-cap-letter{width:1em;height:1em}.elementor-widget-text-editor .elementor-drop-cap{float:left;text-align:center;line-height:1;font-size:50px}.elementor-widget-text-editor .elementor-drop-cap-letter{display:inline-block}<\/style>\t\t\t\t<h3>centrulmuzical@unitbv.ro<\/h3><h3>\u00a0<\/h3><h3>Centrul Muzical<\/h3><h3>Aula Sergiu T. Chiriacescu<\/h3><h3>Str. Iuliu Maniu, Nr. 41A, Bra\u0219ov<\/h3><h3>Dac\u0103 sunte\u0163i interesa\u0163i s\u0103 afla\u0163i despre evenimentele Centrului Muzical al Universit\u0103\u0163ii\u00a0<em>Transilvania<\/em>\u00a0din Bra\u015fov, dac\u0103 dori\u0163i s\u0103 deveni\u0163i partenerul sau voluntarul nostru, ne pute\u0163i scrie un mesaj detaliat.<\/h3>\t\t\t\t\t\t<\/div>\n\t\t\t\t<\/div>\n\t\t\t\t\t<\/div>\n\t\t\t\t<\/div>\n\t\t\t\t<\/div>\n\t\t","protected":false},"excerpt":{"rendered":"<p>CONTACT centrulmuzical@unitbv.ro \u00a0 Centrul Muzical Aula Sergiu T. Chiriacescu Str. Iuliu Maniu, Nr. 41A, Bra\u0219ov Dac\u0103 sunte\u0163i interesa\u0163i s\u0103 afla\u0163i despre evenimentele Centrului Muzical al Universit\u0103\u0163ii\u00a0Transilvania\u00a0din Bra\u015fov, dac\u0103 dori\u0163i s\u0103 deveni\u0163i partenerul sau voluntarul nostru, ne pute\u0163i scrie un mesaj detaliat.<\/p>\n","protected":false},"author":1,"featured_media":0,"parent":0,"menu_order":0,"comment_status":"closed","ping_status":"closed","template":"page-templates\/template-pagebuilder-full-width.php","meta":{"neve_meta_sidebar":"","neve_meta_container":"","neve_meta_enable_content_width":"","neve_meta_content_width":0,"neve_meta_title_alignment":"","neve_meta_author_avatar":"","neve_post_elements_order":"","neve_meta_disable_header":"","neve_meta_disable_footer":"","neve_meta_disable_title":"","footnotes":""},"class_list":["post-1460","page","type-page","status-publish","hentry"],"_links":{"self":[{"href":"https:\/\/centrulmuzical.unitbv.ro\/index.php\/wp-json\/wp\/v2\/pages\/1460","targetHints":{"allow":["GET"]}}],"collection":[{"href":"https:\/\/centrulmuzical.unitbv.ro\/index.php\/wp-json\/wp\/v2\/pages"}],"about":[{"href":"https:\/\/centrulmuzical.unitbv.ro\/index.php\/wp-json\/wp\/v2\/types\/page"}],"author":[{"embeddable":true,"href":"https:\/\/centrulmuzical.unitbv.ro\/index.php\/wp-json\/wp\/v2\/users\/1"}],"replies":[{"embeddable":true,"href":"https:\/\/centrulmuzical.unitbv.ro\/index.php\/wp-json\/wp\/v2\/comments?post=1460"}],"version-history":[{"count":4,"href":"https:\/\/centrulmuzical.unitbv.ro\/index.php\/wp-json\/wp\/v2\/pages\/1460\/revisions"}],"predecessor-version":[{"id":1464,"href":"https:\/\/centrulmuzical.unitbv.ro\/index.php\/wp-json\/wp\/v2\/pages\/1460\/revisions\/1464"}],"wp:attachment":[{"href":"https:\/\/centrulmuzical.unitbv.ro\/index.php\/wp-json\/wp\/v2\/media?parent=1460"}],"curies":[{"name":"wp","href":"https:\/\/api.w.org\/{rel}","templated":true}]}}