{"id":1327,"date":"2024-03-13T19:36:35","date_gmt":"2024-03-13T19:36:35","guid":{"rendered":"https:\/\/cmuz.unitbv.ro\/?page_id=1327"},"modified":"2024-03-14T08:35:16","modified_gmt":"2024-03-14T08:35:16","slug":"voluntariat","status":"publish","type":"page","link":"https:\/\/centrulmuzical.unitbv.ro\/index.php\/voluntariat\/","title":{"rendered":"Voluntariat"},"content":{"rendered":"\t\t<div data-elementor-type=\"wp-page\" data-elementor-id=\"1327\" class=\"elementor elementor-1327\">\n\t\t\t\t<div class=\"elementor-element elementor-element-6a3511a e-flex e-con-boxed e-con e-parent\" data-id=\"6a3511a\" data-element_type=\"container\" data-core-v316-plus=\"true\">\n\t\t\t\t\t<div class=\"e-con-inner\">\n\t\t\t\t\t<\/div>\n\t\t\t\t<\/div>\n\t\t<div class=\"elementor-element elementor-element-5f48abf e-flex e-con-boxed e-con e-parent\" data-id=\"5f48abf\" data-element_type=\"container\" data-core-v316-plus=\"true\">\n\t\t\t\t\t<div class=\"e-con-inner\">\n\t\t\t\t<div class=\"elementor-element elementor-element-f0f4918 elementor-widget elementor-widget-heading\" data-id=\"f0f4918\" data-element_type=\"widget\" data-widget_type=\"heading.default\">\n\t\t\t\t<div class=\"elementor-widget-container\">\n\t\t\t<style>\/*! elementor - v3.20.0 - 13-03-2024 *\/\n.elementor-heading-title{padding:0;margin:0;line-height:1}.elementor-widget-heading .elementor-heading-title[class*=elementor-size-]>a{color:inherit;font-size:inherit;line-height:inherit}.elementor-widget-heading .elementor-heading-title.elementor-size-small{font-size:15px}.elementor-widget-heading .elementor-heading-title.elementor-size-medium{font-size:19px}.elementor-widget-heading .elementor-heading-title.elementor-size-large{font-size:29px}.elementor-widget-heading .elementor-heading-title.elementor-size-xl{font-size:39px}.elementor-widget-heading .elementor-heading-title.elementor-size-xxl{font-size:59px}<\/style><h2 class=\"elementor-heading-title elementor-size-default\">Impreun\u0103 pentru art\u0103!<\/h2>\t\t<\/div>\n\t\t\t\t<\/div>\n\t\t\t\t\t<\/div>\n\t\t\t\t<\/div>\n\t\t<div class=\"elementor-element elementor-element-a140eab e-flex e-con-boxed e-con e-parent\" data-id=\"a140eab\" data-element_type=\"container\" data-core-v316-plus=\"true\">\n\t\t\t\t\t<div class=\"e-con-inner\">\n\t\t\t\t<div class=\"elementor-element elementor-element-d6dc643 elementor-widget__width-initial elementor-widget elementor-widget-text-editor\" data-id=\"d6dc643\" data-element_type=\"widget\" data-widget_type=\"text-editor.default\">\n\t\t\t\t<div class=\"elementor-widget-container\">\n\t\t\t<style>\/*! elementor - v3.20.0 - 13-03-2024 *\/\n.elementor-widget-text-editor.elementor-drop-cap-view-stacked .elementor-drop-cap{background-color:#69727d;color:#fff}.elementor-widget-text-editor.elementor-drop-cap-view-framed .elementor-drop-cap{color:#69727d;border:3px solid;background-color:transparent}.elementor-widget-text-editor:not(.elementor-drop-cap-view-default) .elementor-drop-cap{margin-top:8px}.elementor-widget-text-editor:not(.elementor-drop-cap-view-default) .elementor-drop-cap-letter{width:1em;height:1em}.elementor-widget-text-editor .elementor-drop-cap{float:left;text-align:center;line-height:1;font-size:50px}.elementor-widget-text-editor .elementor-drop-cap-letter{display:inline-block}<\/style>\t\t\t\t<p><strong>\u201cFii schimbarea pe care o vezi \u00een lume.\u201d<\/strong><br \/><em><strong>Mahatma Ghandi<\/strong><\/em><\/p>\t\t\t\t\t\t<\/div>\n\t\t\t\t<\/div>\n\t\t\t\t\t<\/div>\n\t\t\t\t<\/div>\n\t\t<div class=\"elementor-element elementor-element-95a78e2 e-flex e-con-boxed e-con e-parent\" data-id=\"95a78e2\" data-element_type=\"container\" data-core-v316-plus=\"true\">\n\t\t\t\t\t<div class=\"e-con-inner\">\n\t\t\t\t<div class=\"elementor-element elementor-element-bcc22ad elementor-widget elementor-widget-text-editor\" data-id=\"bcc22ad\" data-element_type=\"widget\" data-widget_type=\"text-editor.default\">\n\t\t\t\t<div class=\"elementor-widget-container\">\n\t\t\t\t\t\t\t<p>Voluntarii \u00a0Centrului Muzical desf\u0103\u015foar\u0103 \u00a0o activitate organizatoric\u0103 \u00een vederea bunei desf\u0103\u015fur\u0103ri nu numai a Stagiunii de Concerte, dar \u015fi a celorlalte evenimente culturale.<\/p><p><em><strong>Mul\u0163umiri \u00a0tuturor!<\/strong><\/em><\/p>\t\t\t\t\t\t<\/div>\n\t\t\t\t<\/div>\n\t\t\t\t\t<\/div>\n\t\t\t\t<\/div>\n\t\t<div class=\"elementor-element elementor-element-ff6e30c e-flex e-con-boxed e-con e-parent\" data-id=\"ff6e30c\" data-element_type=\"container\" data-core-v316-plus=\"true\">\n\t\t\t\t\t<div class=\"e-con-inner\">\n\t\t\t\t<div class=\"elementor-element elementor-element-ae44b33 elementor-widget elementor-widget-image\" data-id=\"ae44b33\" data-element_type=\"widget\" data-widget_type=\"image.default\">\n\t\t\t\t<div class=\"elementor-widget-container\">\n\t\t\t<style>\/*! elementor - v3.20.0 - 13-03-2024 *\/\n.elementor-widget-image{text-align:center}.elementor-widget-image a{display:inline-block}.elementor-widget-image a img[src$=\".svg\"]{width:48px}.elementor-widget-image img{vertical-align:middle;display:inline-block}<\/style>\t\t\t\t\t\t\t\t\t\t<img fetchpriority=\"high\" decoding=\"async\" width=\"768\" height=\"513\" src=\"https:\/\/centrulmuzical.unitbv.ro\/wp-content\/uploads\/2024\/03\/1-1-768x513.jpg\" class=\"attachment-medium_large size-medium_large wp-image-1365\" alt=\"\" srcset=\"https:\/\/centrulmuzical.unitbv.ro\/wp-content\/uploads\/2024\/03\/1-1-768x513.jpg 768w, https:\/\/centrulmuzical.unitbv.ro\/wp-content\/uploads\/2024\/03\/1-1-300x200.jpg 300w, https:\/\/centrulmuzical.unitbv.ro\/wp-content\/uploads\/2024\/03\/1-1-1024x683.jpg 1024w, https:\/\/centrulmuzical.unitbv.ro\/wp-content\/uploads\/2024\/03\/1-1-1536x1025.jpg 1536w, https:\/\/centrulmuzical.unitbv.ro\/wp-content\/uploads\/2024\/03\/1-1-2048x1367.jpg 2048w, https:\/\/centrulmuzical.unitbv.ro\/wp-content\/uploads\/2024\/03\/1-1-930x620.jpg 930w\" sizes=\"(max-width: 768px) 100vw, 768px\" \/>\t\t\t\t\t\t\t\t\t\t\t\t\t<\/div>\n\t\t\t\t<\/div>\n\t\t\t\t<div class=\"elementor-element elementor-element-aa032e3 elementor-widget__width-initial elementor-position-top elementor-widget elementor-widget-image-box\" data-id=\"aa032e3\" data-element_type=\"widget\" data-widget_type=\"image-box.default\">\n\t\t\t\t<div class=\"elementor-widget-container\">\n\t\t\t<style>\/*! elementor - v3.20.0 - 13-03-2024 *\/\n.elementor-widget-image-box .elementor-image-box-content{width:100%}@media (min-width:768px){.elementor-widget-image-box.elementor-position-left .elementor-image-box-wrapper,.elementor-widget-image-box.elementor-position-right .elementor-image-box-wrapper{display:flex}.elementor-widget-image-box.elementor-position-right .elementor-image-box-wrapper{text-align:right;flex-direction:row-reverse}.elementor-widget-image-box.elementor-position-left .elementor-image-box-wrapper{text-align:left;flex-direction:row}.elementor-widget-image-box.elementor-position-top .elementor-image-box-img{margin:auto}.elementor-widget-image-box.elementor-vertical-align-top .elementor-image-box-wrapper{align-items:flex-start}.elementor-widget-image-box.elementor-vertical-align-middle .elementor-image-box-wrapper{align-items:center}.elementor-widget-image-box.elementor-vertical-align-bottom .elementor-image-box-wrapper{align-items:flex-end}}@media (max-width:767px){.elementor-widget-image-box .elementor-image-box-img{margin-left:auto!important;margin-right:auto!important;margin-bottom:15px}}.elementor-widget-image-box .elementor-image-box-img{display:inline-block}.elementor-widget-image-box .elementor-image-box-title a{color:inherit}.elementor-widget-image-box .elementor-image-box-wrapper{text-align:center}.elementor-widget-image-box .elementor-image-box-description{margin:0}<\/style><div class=\"elementor-image-box-wrapper\"><figure class=\"elementor-image-box-img\"><img decoding=\"async\" width=\"450\" height=\"350\" src=\"https:\/\/centrulmuzical.unitbv.ro\/wp-content\/uploads\/2024\/03\/1a.jpg\" class=\"attachment-medium_large size-medium_large wp-image-1367\" alt=\"\" srcset=\"https:\/\/centrulmuzical.unitbv.ro\/wp-content\/uploads\/2024\/03\/1a.jpg 450w, https:\/\/centrulmuzical.unitbv.ro\/wp-content\/uploads\/2024\/03\/1a-300x233.jpg 300w\" sizes=\"(max-width: 450px) 100vw, 450px\" \/><\/figure><div class=\"elementor-image-box-content\"><h3 class=\"elementor-image-box-title\">Noemi Karacsony<\/h3><p class=\"elementor-image-box-description\">Facultatea de Muzic\u0103 <br>\nProfesor asociat<\/p><\/div><\/div>\t\t<\/div>\n\t\t\t\t<\/div>\n\t\t\t\t\t<\/div>\n\t\t\t\t<\/div>\n\t\t<div class=\"elementor-element elementor-element-1db6645 e-flex e-con-boxed e-con e-parent\" data-id=\"1db6645\" data-element_type=\"container\" data-core-v316-plus=\"true\">\n\t\t\t\t\t<div class=\"e-con-inner\">\n\t\t\t\t<div class=\"elementor-element elementor-element-3079b5e elementor-widget__width-initial elementor-position-top elementor-widget elementor-widget-image-box\" data-id=\"3079b5e\" data-element_type=\"widget\" data-widget_type=\"image-box.default\">\n\t\t\t\t<div class=\"elementor-widget-container\">\n\t\t\t<div class=\"elementor-image-box-wrapper\"><figure class=\"elementor-image-box-img\"><img decoding=\"async\" width=\"450\" height=\"350\" src=\"https:\/\/centrulmuzical.unitbv.ro\/wp-content\/uploads\/2024\/03\/2a.jpg\" class=\"attachment-medium_large size-medium_large wp-image-1371\" alt=\"\" srcset=\"https:\/\/centrulmuzical.unitbv.ro\/wp-content\/uploads\/2024\/03\/2a.jpg 450w, https:\/\/centrulmuzical.unitbv.ro\/wp-content\/uploads\/2024\/03\/2a-300x233.jpg 300w\" sizes=\"(max-width: 450px) 100vw, 450px\" \/><\/figure><div class=\"elementor-image-box-content\"><h3 class=\"elementor-image-box-title\">Agota Bodurian<\/h3><p class=\"elementor-image-box-description\">Facultatea de Muzic\u0103 <br>\nDoctorat, anul II<\/p><\/div><\/div>\t\t<\/div>\n\t\t\t\t<\/div>\n\t\t\t\t\t<\/div>\n\t\t\t\t<\/div>\n\t\t<div class=\"elementor-element elementor-element-ab11bb1 e-flex e-con-boxed e-con e-parent\" data-id=\"ab11bb1\" data-element_type=\"container\" data-core-v316-plus=\"true\">\n\t\t\t\t\t<div class=\"e-con-inner\">\n\t\t\t\t<div class=\"elementor-element elementor-element-ddcfbd4 elementor-widget__width-initial elementor-position-top elementor-widget elementor-widget-image-box\" data-id=\"ddcfbd4\" data-element_type=\"widget\" data-widget_type=\"image-box.default\">\n\t\t\t\t<div class=\"elementor-widget-container\">\n\t\t\t<div class=\"elementor-image-box-wrapper\"><figure class=\"elementor-image-box-img\"><img loading=\"lazy\" decoding=\"async\" width=\"450\" height=\"350\" src=\"https:\/\/centrulmuzical.unitbv.ro\/wp-content\/uploads\/2024\/03\/3a.jpg\" class=\"attachment-medium_large size-medium_large wp-image-1373\" alt=\"\" srcset=\"https:\/\/centrulmuzical.unitbv.ro\/wp-content\/uploads\/2024\/03\/3a.jpg 450w, https:\/\/centrulmuzical.unitbv.ro\/wp-content\/uploads\/2024\/03\/3a-300x233.jpg 300w\" sizes=\"(max-width: 450px) 100vw, 450px\" \/><\/figure><div class=\"elementor-image-box-content\"><h3 class=\"elementor-image-box-title\">Botond Szocs<\/h3><p class=\"elementor-image-box-description\">Facultatea de Muzic\u0103 <br>\nDoctorat, anul I<\/p><\/div><\/div>\t\t<\/div>\n\t\t\t\t<\/div>\n\t\t\t\t\t<\/div>\n\t\t\t\t<\/div>\n\t\t<div class=\"elementor-element elementor-element-dd4c7e6 e-flex e-con-boxed e-con e-parent\" data-id=\"dd4c7e6\" data-element_type=\"container\" data-core-v316-plus=\"true\">\n\t\t\t\t\t<div class=\"e-con-inner\">\n\t\t\t\t<div class=\"elementor-element elementor-element-29505ce elementor-widget__width-initial elementor-position-top elementor-widget elementor-widget-image-box\" data-id=\"29505ce\" data-element_type=\"widget\" data-widget_type=\"image-box.default\">\n\t\t\t\t<div class=\"elementor-widget-container\">\n\t\t\t<div class=\"elementor-image-box-wrapper\"><figure class=\"elementor-image-box-img\"><img loading=\"lazy\" decoding=\"async\" width=\"450\" height=\"350\" src=\"https:\/\/centrulmuzical.unitbv.ro\/wp-content\/uploads\/2024\/03\/4a.jpg\" class=\"attachment-medium_large size-medium_large wp-image-1377\" alt=\"\" srcset=\"https:\/\/centrulmuzical.unitbv.ro\/wp-content\/uploads\/2024\/03\/4a.jpg 450w, https:\/\/centrulmuzical.unitbv.ro\/wp-content\/uploads\/2024\/03\/4a-300x233.jpg 300w\" sizes=\"(max-width: 450px) 100vw, 450px\" \/><\/figure><div class=\"elementor-image-box-content\"><h3 class=\"elementor-image-box-title\">Diana Ichim<\/h3><p class=\"elementor-image-box-description\">Facultatea de Muzic\u0103 <br>\nMaster, anul I<\/p><\/div><\/div>\t\t<\/div>\n\t\t\t\t<\/div>\n\t\t\t\t\t<\/div>\n\t\t\t\t<\/div>\n\t\t<div class=\"elementor-element elementor-element-39a40c2 e-flex e-con-boxed e-con e-parent\" data-id=\"39a40c2\" data-element_type=\"container\" data-core-v316-plus=\"true\">\n\t\t\t\t\t<div class=\"e-con-inner\">\n\t\t\t\t<div class=\"elementor-element elementor-element-9e77aa8 elementor-widget__width-initial elementor-position-top elementor-widget elementor-widget-image-box\" data-id=\"9e77aa8\" data-element_type=\"widget\" data-widget_type=\"image-box.default\">\n\t\t\t\t<div class=\"elementor-widget-container\">\n\t\t\t<div class=\"elementor-image-box-wrapper\"><figure class=\"elementor-image-box-img\"><img loading=\"lazy\" decoding=\"async\" width=\"450\" height=\"350\" src=\"https:\/\/centrulmuzical.unitbv.ro\/wp-content\/uploads\/2024\/03\/5a.jpg\" class=\"attachment-medium_large size-medium_large wp-image-1381\" alt=\"\" srcset=\"https:\/\/centrulmuzical.unitbv.ro\/wp-content\/uploads\/2024\/03\/5a.jpg 450w, https:\/\/centrulmuzical.unitbv.ro\/wp-content\/uploads\/2024\/03\/5a-300x233.jpg 300w\" sizes=\"(max-width: 450px) 100vw, 450px\" \/><\/figure><div class=\"elementor-image-box-content\"><h3 class=\"elementor-image-box-title\">Diana Cristea<\/h3><p class=\"elementor-image-box-description\">Facultatea de Muzic\u0103 <br>\nIM, anul III<\/p><\/div><\/div>\t\t<\/div>\n\t\t\t\t<\/div>\n\t\t\t\t\t<\/div>\n\t\t\t\t<\/div>\n\t\t<div class=\"elementor-element elementor-element-33dbb80 e-flex e-con-boxed e-con e-parent\" data-id=\"33dbb80\" data-element_type=\"container\" data-core-v316-plus=\"true\">\n\t\t\t\t\t<div class=\"e-con-inner\">\n\t\t\t\t<div class=\"elementor-element elementor-element-99a8c45 elementor-widget__width-initial elementor-position-top elementor-widget elementor-widget-image-box\" data-id=\"99a8c45\" data-element_type=\"widget\" data-widget_type=\"image-box.default\">\n\t\t\t\t<div class=\"elementor-widget-container\">\n\t\t\t<div class=\"elementor-image-box-wrapper\"><figure class=\"elementor-image-box-img\"><img loading=\"lazy\" decoding=\"async\" width=\"450\" height=\"350\" src=\"https:\/\/centrulmuzical.unitbv.ro\/wp-content\/uploads\/2024\/03\/6a.jpg\" class=\"attachment-medium_large size-medium_large wp-image-1388\" alt=\"\" srcset=\"https:\/\/centrulmuzical.unitbv.ro\/wp-content\/uploads\/2024\/03\/6a.jpg 450w, https:\/\/centrulmuzical.unitbv.ro\/wp-content\/uploads\/2024\/03\/6a-300x233.jpg 300w\" sizes=\"(max-width: 450px) 100vw, 450px\" \/><\/figure><div class=\"elementor-image-box-content\"><h3 class=\"elementor-image-box-title\">Maria Ionescu<\/h3><p class=\"elementor-image-box-description\">Facultatea de Muzic\u0103 <br>\nDoctorat, anul II<\/p><\/div><\/div>\t\t<\/div>\n\t\t\t\t<\/div>\n\t\t\t\t\t<\/div>\n\t\t\t\t<\/div>\n\t\t<div class=\"elementor-element elementor-element-80b9ac8 e-flex e-con-boxed e-con e-parent\" data-id=\"80b9ac8\" data-element_type=\"container\" data-core-v316-plus=\"true\">\n\t\t\t\t\t<div class=\"e-con-inner\">\n\t\t\t\t<div class=\"elementor-element elementor-element-12b1986 elementor-widget__width-initial elementor-position-top elementor-widget elementor-widget-image-box\" data-id=\"12b1986\" data-element_type=\"widget\" data-widget_type=\"image-box.default\">\n\t\t\t\t<div class=\"elementor-widget-container\">\n\t\t\t<div class=\"elementor-image-box-wrapper\"><figure class=\"elementor-image-box-img\"><img loading=\"lazy\" decoding=\"async\" width=\"450\" height=\"350\" src=\"https:\/\/centrulmuzical.unitbv.ro\/wp-content\/uploads\/2024\/03\/7a.jpg\" class=\"attachment-medium_large size-medium_large wp-image-1393\" alt=\"\" srcset=\"https:\/\/centrulmuzical.unitbv.ro\/wp-content\/uploads\/2024\/03\/7a.jpg 450w, https:\/\/centrulmuzical.unitbv.ro\/wp-content\/uploads\/2024\/03\/7a-300x233.jpg 300w\" sizes=\"(max-width: 450px) 100vw, 450px\" \/><\/figure><div class=\"elementor-image-box-content\"><h3 class=\"elementor-image-box-title\">Kir\u00e1lyhalmi Guszt\u00e1v-Gy\u00f6rgy<\/h3><p class=\"elementor-image-box-description\">Colegiul na\u0163ional \u00c1prily Lajos<\/p><\/div><\/div>\t\t<\/div>\n\t\t\t\t<\/div>\n\t\t\t\t\t<\/div>\n\t\t\t\t<\/div>\n\t\t<div class=\"elementor-element elementor-element-18f5122 e-flex e-con-boxed e-con e-parent\" data-id=\"18f5122\" data-element_type=\"container\" data-core-v316-plus=\"true\">\n\t\t\t\t\t<div class=\"e-con-inner\">\n\t\t\t\t<div class=\"elementor-element elementor-element-45d63fb elementor-widget__width-initial elementor-position-top elementor-widget elementor-widget-image-box\" data-id=\"45d63fb\" data-element_type=\"widget\" data-widget_type=\"image-box.default\">\n\t\t\t\t<div class=\"elementor-widget-container\">\n\t\t\t<div class=\"elementor-image-box-wrapper\"><figure class=\"elementor-image-box-img\"><img loading=\"lazy\" decoding=\"async\" width=\"450\" height=\"350\" src=\"https:\/\/centrulmuzical.unitbv.ro\/wp-content\/uploads\/2024\/03\/8a.jpg\" class=\"attachment-medium_large size-medium_large wp-image-1397\" alt=\"\" srcset=\"https:\/\/centrulmuzical.unitbv.ro\/wp-content\/uploads\/2024\/03\/8a.jpg 450w, https:\/\/centrulmuzical.unitbv.ro\/wp-content\/uploads\/2024\/03\/8a-300x233.jpg 300w\" sizes=\"(max-width: 450px) 100vw, 450px\" \/><\/figure><div class=\"elementor-image-box-content\"><h3 class=\"elementor-image-box-title\">Kov\u00e1cs Hunor<\/h3><p class=\"elementor-image-box-description\">Facultatea de Muzic\u0103<br>\nIM, anul III<\/p><\/div><\/div>\t\t<\/div>\n\t\t\t\t<\/div>\n\t\t\t\t\t<\/div>\n\t\t\t\t<\/div>\n\t\t<div class=\"elementor-element elementor-element-b884180 e-flex e-con-boxed e-con e-parent\" data-id=\"b884180\" data-element_type=\"container\" data-core-v316-plus=\"true\">\n\t\t\t\t\t<div class=\"e-con-inner\">\n\t\t\t\t<div class=\"elementor-element elementor-element-b0a5bce elementor-widget elementor-widget-text-editor\" data-id=\"b0a5bce\" data-element_type=\"widget\" data-widget_type=\"text-editor.default\">\n\t\t\t\t<div class=\"elementor-widget-container\">\n\t\t\t\t\t\t\t\t\t\t\t\t\t<\/div>\n\t\t\t\t<\/div>\n\t\t\t\t\t<\/div>\n\t\t\t\t<\/div>\n\t\t<div class=\"elementor-element elementor-element-5a93499 e-flex e-con-boxed e-con e-parent\" data-id=\"5a93499\" data-element_type=\"container\" data-core-v316-plus=\"true\">\n\t\t\t\t\t<div class=\"e-con-inner\">\n\t\t\t\t<div class=\"elementor-element elementor-element-e61daaa elementor-arrows-position-inside elementor-pagination-position-outside elementor-widget elementor-widget-image-carousel\" data-id=\"e61daaa\" data-element_type=\"widget\" data-settings=\"{&quot;navigation&quot;:&quot;both&quot;,&quot;autoplay&quot;:&quot;yes&quot;,&quot;pause_on_hover&quot;:&quot;yes&quot;,&quot;pause_on_interaction&quot;:&quot;yes&quot;,&quot;autoplay_speed&quot;:5000,&quot;infinite&quot;:&quot;yes&quot;,&quot;speed&quot;:500}\" data-widget_type=\"image-carousel.default\">\n\t\t\t\t<div class=\"elementor-widget-container\">\n\t\t\t<style>\/*! elementor - v3.20.0 - 13-03-2024 *\/\n.elementor-widget-image-carousel .swiper,.elementor-widget-image-carousel .swiper-container{position:static}.elementor-widget-image-carousel .swiper-container .swiper-slide figure,.elementor-widget-image-carousel .swiper .swiper-slide figure{line-height:inherit}.elementor-widget-image-carousel .swiper-slide{text-align:center}.elementor-image-carousel-wrapper:not(.swiper-container-initialized):not(.swiper-initialized) .swiper-slide{max-width:calc(100% \/ var(--e-image-carousel-slides-to-show, 3))}<\/style>\t\t<div class=\"elementor-image-carousel-wrapper swiper\" dir=\"ltr\">\n\t\t\t<div class=\"elementor-image-carousel swiper-wrapper\" aria-live=\"off\">\n\t\t\t\t\t\t\t\t<div class=\"swiper-slide\" role=\"group\" aria-roledescription=\"slide\" aria-label=\"1 of 8\"><figure class=\"swiper-slide-inner\"><img decoding=\"async\" class=\"swiper-slide-image\" src=\"https:\/\/centrulmuzical.unitbv.ro\/wp-content\/uploads\/2024\/03\/x1-300x226.jpg\" alt=\"x1\" \/><\/figure><\/div><div class=\"swiper-slide\" role=\"group\" aria-roledescription=\"slide\" aria-label=\"2 of 8\"><figure class=\"swiper-slide-inner\"><img decoding=\"async\" class=\"swiper-slide-image\" src=\"https:\/\/centrulmuzical.unitbv.ro\/wp-content\/uploads\/2024\/03\/x2-300x200.jpg\" alt=\"x2\" \/><\/figure><\/div><div class=\"swiper-slide\" role=\"group\" aria-roledescription=\"slide\" aria-label=\"3 of 8\"><figure class=\"swiper-slide-inner\"><img decoding=\"async\" class=\"swiper-slide-image\" src=\"https:\/\/centrulmuzical.unitbv.ro\/wp-content\/uploads\/2024\/03\/x3-300x200.jpg\" alt=\"x3\" \/><\/figure><\/div><div class=\"swiper-slide\" role=\"group\" aria-roledescription=\"slide\" aria-label=\"4 of 8\"><figure class=\"swiper-slide-inner\"><img decoding=\"async\" class=\"swiper-slide-image\" src=\"https:\/\/centrulmuzical.unitbv.ro\/wp-content\/uploads\/2024\/03\/x4-300x200.jpg\" alt=\"x4\" \/><\/figure><\/div><div class=\"swiper-slide\" role=\"group\" aria-roledescription=\"slide\" aria-label=\"5 of 8\"><figure class=\"swiper-slide-inner\"><img decoding=\"async\" class=\"swiper-slide-image\" src=\"https:\/\/centrulmuzical.unitbv.ro\/wp-content\/uploads\/2024\/03\/x5a-1-300x200.jpg\" alt=\"x5a\" \/><\/figure><\/div><div class=\"swiper-slide\" role=\"group\" aria-roledescription=\"slide\" aria-label=\"6 of 8\"><figure class=\"swiper-slide-inner\"><img decoding=\"async\" class=\"swiper-slide-image\" src=\"https:\/\/centrulmuzical.unitbv.ro\/wp-content\/uploads\/2024\/03\/x6a-300x200.jpg\" alt=\"x6a\" \/><\/figure><\/div><div class=\"swiper-slide\" role=\"group\" aria-roledescription=\"slide\" aria-label=\"7 of 8\"><figure class=\"swiper-slide-inner\"><img decoding=\"async\" class=\"swiper-slide-image\" src=\"https:\/\/centrulmuzical.unitbv.ro\/wp-content\/uploads\/2024\/03\/x7a-300x200.jpg\" alt=\"x7a\" \/><\/figure><\/div><div class=\"swiper-slide\" role=\"group\" aria-roledescription=\"slide\" aria-label=\"8 of 8\"><figure class=\"swiper-slide-inner\"><img decoding=\"async\" class=\"swiper-slide-image\" src=\"https:\/\/centrulmuzical.unitbv.ro\/wp-content\/uploads\/2024\/03\/x8a-300x200.jpg\" alt=\"x8a\" \/><\/figure><\/div>\t\t\t<\/div>\n\t\t\t\t\t\t\t\t\t\t\t\t<div class=\"elementor-swiper-button elementor-swiper-button-prev\" role=\"button\" tabindex=\"0\">\n\t\t\t\t\t\t<svg aria-hidden=\"true\" class=\"e-font-icon-svg e-eicon-chevron-left\" viewBox=\"0 0 1000 1000\" xmlns=\"http:\/\/www.w3.org\/2000\/svg\"><path d=\"M646 125C629 125 613 133 604 142L308 442C296 454 292 471 292 487 292 504 296 521 308 533L604 854C617 867 629 875 646 875 663 875 679 871 692 858 704 846 713 829 713 812 713 796 708 779 692 767L438 487 692 225C700 217 708 204 708 187 708 171 704 154 692 142 675 129 663 125 646 125Z\"><\/path><\/svg>\t\t\t\t\t<\/div>\n\t\t\t\t\t<div class=\"elementor-swiper-button elementor-swiper-button-next\" role=\"button\" tabindex=\"0\">\n\t\t\t\t\t\t<svg aria-hidden=\"true\" class=\"e-font-icon-svg e-eicon-chevron-right\" viewBox=\"0 0 1000 1000\" xmlns=\"http:\/\/www.w3.org\/2000\/svg\"><path d=\"M696 533C708 521 713 504 713 487 713 471 708 454 696 446L400 146C388 133 375 125 354 125 338 125 325 129 313 142 300 154 292 171 292 187 292 204 296 221 308 233L563 492 304 771C292 783 288 800 288 817 288 833 296 850 308 863 321 871 338 875 354 875 371 875 388 867 400 854L696 533Z\"><\/path><\/svg>\t\t\t\t\t<\/div>\n\t\t\t\t\n\t\t\t\t\t\t\t\t\t<div class=\"swiper-pagination\"><\/div>\n\t\t\t\t\t\t\t\t\t<\/div>\n\t\t\t\t<\/div>\n\t\t\t\t<\/div>\n\t\t\t\t\t<\/div>\n\t\t\t\t<\/div>\n\t\t<div class=\"elementor-element elementor-element-c14b84f e-flex e-con-boxed e-con e-parent\" data-id=\"c14b84f\" data-element_type=\"container\" data-core-v316-plus=\"true\">\n\t\t\t\t\t<div class=\"e-con-inner\">\n\t\t\t\t\t<\/div>\n\t\t\t\t<\/div>\n\t\t\t\t<\/div>\n\t\t","protected":false},"excerpt":{"rendered":"<p>Impreun\u0103 pentru art\u0103! \u201cFii schimbarea pe care o vezi \u00een lume.\u201dMahatma Ghandi Voluntarii \u00a0Centrului Muzical desf\u0103\u015foar\u0103 \u00a0o activitate organizatoric\u0103 \u00een vederea bunei desf\u0103\u015fur\u0103ri nu numai a Stagiunii de Concerte, dar \u015fi a celorlalte evenimente culturale. Mul\u0163umiri \u00a0tuturor! Noemi Karacsony Facultatea de Muzic\u0103 Profesor asociat Agota Bodurian Facultatea de Muzic\u0103 Doctorat, anul II Botond Szocs Facultatea&hellip;&nbsp;<a href=\"https:\/\/centrulmuzical.unitbv.ro\/index.php\/voluntariat\/\" class=\"\" rel=\"bookmark\">Read More &raquo;<span class=\"screen-reader-text\">Voluntariat<\/span><\/a><\/p>\n","protected":false},"author":1,"featured_media":0,"parent":0,"menu_order":0,"comment_status":"closed","ping_status":"closed","template":"page-templates\/template-pagebuilder-full-width.php","meta":{"neve_meta_sidebar":"","neve_meta_container":"","neve_meta_enable_content_width":"","neve_meta_content_width":0,"neve_meta_title_alignment":"","neve_meta_author_avatar":"","neve_post_elements_order":"","neve_meta_disable_header":"","neve_meta_disable_footer":"","neve_meta_disable_title":"","footnotes":""},"class_list":["post-1327","page","type-page","status-publish","hentry"],"_links":{"self":[{"href":"https:\/\/centrulmuzical.unitbv.ro\/index.php\/wp-json\/wp\/v2\/pages\/1327","targetHints":{"allow":["GET"]}}],"collection":[{"href":"https:\/\/centrulmuzical.unitbv.ro\/index.php\/wp-json\/wp\/v2\/pages"}],"about":[{"href":"https:\/\/centrulmuzical.unitbv.ro\/index.php\/wp-json\/wp\/v2\/types\/page"}],"author":[{"embeddable":true,"href":"https:\/\/centrulmuzical.unitbv.ro\/index.php\/wp-json\/wp\/v2\/users\/1"}],"replies":[{"embeddable":true,"href":"https:\/\/centrulmuzical.unitbv.ro\/index.php\/wp-json\/wp\/v2\/comments?post=1327"}],"version-history":[{"count":34,"href":"https:\/\/centrulmuzical.unitbv.ro\/index.php\/wp-json\/wp\/v2\/pages\/1327\/revisions"}],"predecessor-version":[{"id":1416,"href":"https:\/\/centrulmuzical.unitbv.ro\/index.php\/wp-json\/wp\/v2\/pages\/1327\/revisions\/1416"}],"wp:attachment":[{"href":"https:\/\/centrulmuzical.unitbv.ro\/index.php\/wp-json\/wp\/v2\/media?parent=1327"}],"curies":[{"name":"wp","href":"https:\/\/api.w.org\/{rel}","templated":true}]}}