{"id":10,"date":"2019-10-23T11:50:41","date_gmt":"2019-10-23T11:50:41","guid":{"rendered":"https:\/\/sktthemesdemo.net\/medical\/?page_id=10"},"modified":"2024-03-14T10:58:01","modified_gmt":"2024-03-14T10:58:01","slug":"home","status":"publish","type":"page","link":"https:\/\/centrulmuzical.unitbv.ro\/","title":{"rendered":""},"content":{"rendered":"\t\t<div data-elementor-type=\"wp-page\" data-elementor-id=\"10\" class=\"elementor elementor-10\">\n\t\t\t\t<div class=\"elementor-element elementor-element-ec38db3 e-flex e-con-boxed e-con e-parent\" data-id=\"ec38db3\" data-element_type=\"container\" data-core-v316-plus=\"true\">\n\t\t\t\t\t<div class=\"e-con-inner\">\n\t\t\t\t<div class=\"elementor-element elementor-element-7397182 elementor-arrows-position-inside elementor-widget elementor-widget-image-carousel\" data-id=\"7397182\" data-element_type=\"widget\" data-settings=\"{&quot;slides_to_show&quot;:&quot;1&quot;,&quot;navigation&quot;:&quot;arrows&quot;,&quot;autoplay&quot;:&quot;yes&quot;,&quot;pause_on_interaction&quot;:&quot;yes&quot;,&quot;autoplay_speed&quot;:5000,&quot;infinite&quot;:&quot;yes&quot;,&quot;effect&quot;:&quot;slide&quot;,&quot;speed&quot;:500}\" data-widget_type=\"image-carousel.default\">\n\t\t\t\t<div class=\"elementor-widget-container\">\n\t\t\t<style>\/*! elementor - v3.20.0 - 13-03-2024 *\/\n.elementor-widget-image-carousel .swiper,.elementor-widget-image-carousel .swiper-container{position:static}.elementor-widget-image-carousel .swiper-container .swiper-slide figure,.elementor-widget-image-carousel .swiper .swiper-slide figure{line-height:inherit}.elementor-widget-image-carousel .swiper-slide{text-align:center}.elementor-image-carousel-wrapper:not(.swiper-container-initialized):not(.swiper-initialized) .swiper-slide{max-width:calc(100% \/ var(--e-image-carousel-slides-to-show, 3))}<\/style>\t\t<div class=\"elementor-image-carousel-wrapper swiper\" dir=\"ltr\">\n\t\t\t<div class=\"elementor-image-carousel swiper-wrapper swiper-image-stretch\" aria-live=\"off\">\n\t\t\t\t\t\t\t\t<div class=\"swiper-slide\" role=\"group\" aria-roledescription=\"slide\" aria-label=\"1 of 8\"><figure class=\"swiper-slide-inner\"><img decoding=\"async\" class=\"swiper-slide-image\" src=\"https:\/\/centrulmuzical.unitbv.ro\/wp-content\/uploads\/2024\/03\/DSC_7205.jpg\" alt=\"DSC_7205\" \/><\/figure><\/div><div class=\"swiper-slide\" role=\"group\" aria-roledescription=\"slide\" aria-label=\"2 of 8\"><figure class=\"swiper-slide-inner\"><img decoding=\"async\" class=\"swiper-slide-image\" src=\"https:\/\/centrulmuzical.unitbv.ro\/wp-content\/uploads\/2024\/03\/DSC_0241-1024x683.jpg\" alt=\"DSC_0241\" \/><\/figure><\/div><div class=\"swiper-slide\" role=\"group\" aria-roledescription=\"slide\" aria-label=\"3 of 8\"><figure class=\"swiper-slide-inner\"><img decoding=\"async\" class=\"swiper-slide-image\" src=\"https:\/\/centrulmuzical.unitbv.ro\/wp-content\/uploads\/2024\/03\/FOTO_022.jpg\" alt=\"FOTO_022\" \/><\/figure><\/div><div class=\"swiper-slide\" role=\"group\" aria-roledescription=\"slide\" aria-label=\"4 of 8\"><figure class=\"swiper-slide-inner\"><img decoding=\"async\" class=\"swiper-slide-image\" src=\"https:\/\/centrulmuzical.unitbv.ro\/wp-content\/uploads\/2024\/03\/larisa-birta-102093-1024x683.jpg\" alt=\"larisa-birta-102093\" \/><\/figure><\/div><div class=\"swiper-slide\" role=\"group\" aria-roledescription=\"slide\" aria-label=\"5 of 8\"><figure class=\"swiper-slide-inner\"><img decoding=\"async\" class=\"swiper-slide-image\" src=\"https:\/\/centrulmuzical.unitbv.ro\/wp-content\/uploads\/2024\/03\/orga-1.jpg\" alt=\"orga-1\" \/><\/figure><\/div><div class=\"swiper-slide\" role=\"group\" aria-roledescription=\"slide\" aria-label=\"6 of 8\"><figure class=\"swiper-slide-inner\"><img decoding=\"async\" class=\"swiper-slide-image\" src=\"https:\/\/centrulmuzical.unitbv.ro\/wp-content\/uploads\/2024\/03\/img_04422.jpg\" alt=\"img_04422\" \/><\/figure><\/div><div class=\"swiper-slide\" role=\"group\" aria-roledescription=\"slide\" aria-label=\"7 of 8\"><figure class=\"swiper-slide-inner\"><img decoding=\"async\" class=\"swiper-slide-image\" src=\"https:\/\/centrulmuzical.unitbv.ro\/wp-content\/uploads\/2024\/03\/DSC_8111-1024x683.jpg\" alt=\"DSC_8111\" \/><\/figure><\/div><div class=\"swiper-slide\" role=\"group\" aria-roledescription=\"slide\" aria-label=\"8 of 8\"><figure class=\"swiper-slide-inner\"><img decoding=\"async\" class=\"swiper-slide-image\" src=\"https:\/\/centrulmuzical.unitbv.ro\/wp-content\/uploads\/2024\/03\/FOTO_077-1.jpg\" alt=\"FOTO_077-1\" \/><\/figure><\/div>\t\t\t<\/div>\n\t\t\t\t\t\t\t\t\t\t\t\t<div class=\"elementor-swiper-button elementor-swiper-button-prev\" role=\"button\" tabindex=\"0\">\n\t\t\t\t\t\t<svg aria-hidden=\"true\" class=\"e-font-icon-svg e-eicon-chevron-left\" viewBox=\"0 0 1000 1000\" xmlns=\"http:\/\/www.w3.org\/2000\/svg\"><path d=\"M646 125C629 125 613 133 604 142L308 442C296 454 292 471 292 487 292 504 296 521 308 533L604 854C617 867 629 875 646 875 663 875 679 871 692 858 704 846 713 829 713 812 713 796 708 779 692 767L438 487 692 225C700 217 708 204 708 187 708 171 704 154 692 142 675 129 663 125 646 125Z\"><\/path><\/svg>\t\t\t\t\t<\/div>\n\t\t\t\t\t<div class=\"elementor-swiper-button elementor-swiper-button-next\" role=\"button\" tabindex=\"0\">\n\t\t\t\t\t\t<svg aria-hidden=\"true\" class=\"e-font-icon-svg e-eicon-chevron-right\" viewBox=\"0 0 1000 1000\" xmlns=\"http:\/\/www.w3.org\/2000\/svg\"><path d=\"M696 533C708 521 713 504 713 487 713 471 708 454 696 446L400 146C388 133 375 125 354 125 338 125 325 129 313 142 300 154 292 171 292 187 292 204 296 221 308 233L563 492 304 771C292 783 288 800 288 817 288 833 296 850 308 863 321 871 338 875 354 875 371 875 388 867 400 854L696 533Z\"><\/path><\/svg>\t\t\t\t\t<\/div>\n\t\t\t\t\n\t\t\t\t\t\t\t\t\t<\/div>\n\t\t\t\t<\/div>\n\t\t\t\t<\/div>\n\t\t\t\t\t<\/div>\n\t\t\t\t<\/div>\n\t\t<div class=\"elementor-element elementor-element-5bf77ce e-flex e-con-boxed e-con e-parent\" data-id=\"5bf77ce\" data-element_type=\"container\" data-core-v316-plus=\"true\">\n\t\t\t\t\t<div class=\"e-con-inner\">\n\t\t\t\t<div class=\"elementor-element elementor-element-4be1525 elementor-widget__width-initial elementor-widget elementor-widget-text-editor\" data-id=\"4be1525\" data-element_type=\"widget\" data-widget_type=\"text-editor.default\">\n\t\t\t\t<div class=\"elementor-widget-container\">\n\t\t\t<style>\/*! elementor - v3.20.0 - 13-03-2024 *\/\n.elementor-widget-text-editor.elementor-drop-cap-view-stacked .elementor-drop-cap{background-color:#69727d;color:#fff}.elementor-widget-text-editor.elementor-drop-cap-view-framed .elementor-drop-cap{color:#69727d;border:3px solid;background-color:transparent}.elementor-widget-text-editor:not(.elementor-drop-cap-view-default) .elementor-drop-cap{margin-top:8px}.elementor-widget-text-editor:not(.elementor-drop-cap-view-default) .elementor-drop-cap-letter{width:1em;height:1em}.elementor-widget-text-editor .elementor-drop-cap{float:left;text-align:center;line-height:1;font-size:50px}.elementor-widget-text-editor .elementor-drop-cap-letter{display:inline-block}<\/style>\t\t\t\t<p><strong>\u201cPerforman\u021ba este s\u0103rb\u0103toarea faptului c\u0103 avem \u00een noi posibilit\u0103\u021bi infinite.\u201d<\/strong><br \/><em><strong>Sydney Smith<\/strong><\/em><\/p>\t\t\t\t\t\t<\/div>\n\t\t\t\t<\/div>\n\t\t\t\t<div class=\"elementor-element elementor-element-02e7612 elementor-widget elementor-widget-text-editor\" data-id=\"02e7612\" data-element_type=\"widget\" data-widget_type=\"text-editor.default\">\n\t\t\t\t<div class=\"elementor-widget-container\">\n\t\t\t\t\t\t\t<p>\u00a0 \u00a0 Universitatea Transilvania din Bra\u0219ov \u00ee\u0219i \u00eent\u00e2mpin\u0103 comunitatea academic\u0103 \u0219i nu numai prin programe culturale de elit\u0103, g\u00e2ndite astfel \u00eenc\u00e2t s\u0103 promoveze cele mai \u00eenalte valori artistice \u0219i s\u0103 ofere experien\u021be estetice memorabile. Unic\u0103 \u00een spa\u021biul academic din Rom\u00e2nia, Stagiunea de concerte a Universit\u0103\u021bii Transilvania aduce \u00een scen\u0103, cu fiecare concert, o reprezentare autentic\u0103 a excelen\u021bei interpretative, prezent\u00e2nd publicului bra\u0219ovean nume consacrate ale muzicii rom\u00e2ne\u0219ti \u0219i interna\u021bionale, din r\u00e2ndul c\u0103rora \u00eei amintim pe piani\u0219tii <em><strong>Alexei Nabioulin<\/strong>, <strong>Marouan Benabdallah<\/strong>, <strong>Bojan Martinovic<\/strong>, <strong>Alina Bercu<\/strong>, <strong>Dorel Golan<\/strong>, <strong>Jin Hanwen<\/strong>, <strong>Huang Xiang<\/strong>,\u00a0 <strong>Zhu Hao<\/strong>, <strong>Sun Jun<\/strong>, <strong>Pavlos Antoniadis<\/strong>, <strong>Valentin Bogdan<\/strong>, <strong>Julia Mortyakova<\/strong>, <strong>Asaf Kleinman<\/strong> \u015fi <strong>Horia Mihail<\/strong><\/em>, pe violoni\u0219tii <em>Eszter Kleinman<\/em> \u0219i <strong><em>Vujadin Krivokapic<\/em><\/strong>, pe organi\u015ftii <strong><em>Ursula Philippi, Eckart \u015fi Steffen Schlandt<\/em><\/strong>,\u00a0 respectiv cvartetele <em><strong>Gaudeamus<\/strong><\/em> \u015fi <strong><em>Nexus Baroque<\/em><\/strong>, <em><strong>cvintetul vocal Anatoly<\/strong><\/em>, chitari\u0219tii <em><strong>Costin Soare<\/strong><\/em> \u0219i <em><strong>Jose Almar<\/strong><\/em>, oboi\u015ftii <em><strong>Ludovic Armin Cora<\/strong><\/em> \u015fi <em><strong>Vincent Tizon<\/strong><\/em>, muzicienii de jazz <em><strong>Norbert Detaeye<\/strong><\/em>, <em><strong>Nicolas Simion<\/strong><\/em> sau <em><strong>Sorin Romanescu<\/strong><\/em>, corurile <em><strong>Sound Choir<\/strong><\/em> \u0219i <em><strong>Jesus College Cambridge<\/strong><\/em>, <em><strong>Orchestra Jesus Guridi<\/strong><\/em> de la Sociedad Coral din Bilbao sau <em><strong>Teatrul de oper\u0103 tradi\u021bional\u0103 chinez\u0103 Peking<\/strong><\/em> din Beijing.<\/p><p>\u00a0 \u00a0 Centrul Muzical va continua s\u0103\u00a0 prezinte programe ce acoper\u0103 o palet\u0103 larg\u0103 de stiluri muzicale \u0219i se concretizeaz\u0103\u00a0 \u00eentr-o selec\u021bie de lucr\u0103ri reprezentative \u0219i arti\u0219ti care satisfac cele mai \u00eenalte standarde muzicale.<\/p><p>\u00a0 \u00a0 Stagiunea de concerte 2019-2020 \u00ee\u0219i surprinde ascult\u0103torii cu concertele de debut ale Orchestrei de Camer\u0103 a Universit\u0103\u021bii Transilvania din Bra\u0219ov \u0219i continuarea programului unic \u00een Rom\u00e2nia \u2013 Integrala Sonatelor pentru pian de Ludwig van Beethoven \u00een interpretarea pianistei\u00a0 Alina Bercu. \u0218i \u00een acest an, esen\u021bial pentru viziunea noastr\u0103 este ceea ce transpare dincolo de muzica \u00eens\u0103\u015fi \u2013 bucuria resim\u021bit\u0103 deopotriv\u0103 de interpret \u015fi de ascult\u0103tor.<\/p>\t\t\t\t\t\t<\/div>\n\t\t\t\t<\/div>\n\t\t\t\t\t<\/div>\n\t\t\t\t<\/div>\n\t\t<div class=\"elementor-element elementor-element-7f5e41c e-flex e-con-boxed e-con e-parent\" data-id=\"7f5e41c\" data-element_type=\"container\" data-core-v316-plus=\"true\">\n\t\t\t\t\t<div class=\"e-con-inner\">\n\t\t\t\t<div class=\"elementor-element elementor-element-ec31bf7 elementor-widget__width-initial elementor-widget elementor-widget-text-editor\" data-id=\"ec31bf7\" data-element_type=\"widget\" data-widget_type=\"text-editor.default\">\n\t\t\t\t<div class=\"elementor-widget-container\">\n\t\t\t\t\t\t\t<p><em>Director Centrul Muzical<\/em><br \/><strong>Prof. dr. Stela Dr\u0103gulin<\/strong><br \/>Director ARA &#8211; Rom\u00e2nia (American &#8211; Romanian Academy for Arts and Sciences)<\/p>\t\t\t\t\t\t<\/div>\n\t\t\t\t<\/div>\n\t\t\t\t\t<\/div>\n\t\t\t\t<\/div>\n\t\t<div class=\"elementor-element elementor-element-766b246 e-flex e-con-boxed e-con e-parent\" data-id=\"766b246\" data-element_type=\"container\" data-core-v316-plus=\"true\">\n\t\t\t\t\t<div class=\"e-con-inner\">\n\t\t\t\t<div class=\"elementor-element elementor-element-906c8de elementor-widget elementor-widget-text-editor\" data-id=\"906c8de\" data-element_type=\"widget\" data-widget_type=\"text-editor.default\">\n\t\t\t\t<div class=\"elementor-widget-container\">\n\t\t\t\t\t\t\t<p><audio class=\"wp-audio-shortcode\" id=\"audio-10-1\" preload=\"none\" style=\"width: 100%;\" controls=\"controls\"><source type=\"audio\/mpeg\" src=\"http:\/\/cmuz.unitbv.ro\/wp-content\/uploads\/2024\/03\/1-1.mp3?_=1\" \/><a href=\"http:\/\/cmuz.unitbv.ro\/wp-content\/uploads\/2024\/03\/1-1.mp3\">http:\/\/cmuz.unitbv.ro\/wp-content\/uploads\/2024\/03\/1-1.mp3<\/a><\/audio><\/p>\t\t\t\t\t\t<\/div>\n\t\t\t\t<\/div>\n\t\t\t\t\t<\/div>\n\t\t\t\t<\/div>\n\t\t\t\t<\/div>\n\t\t","protected":false},"excerpt":{"rendered":"<p>\u201cPerforman\u021ba este s\u0103rb\u0103toarea faptului c\u0103 avem \u00een noi posibilit\u0103\u021bi infinite.\u201dSydney Smith \u00a0 \u00a0 Universitatea Transilvania din Bra\u0219ov \u00ee\u0219i \u00eent\u00e2mpin\u0103 comunitatea academic\u0103 \u0219i nu numai prin programe culturale de elit\u0103, g\u00e2ndite astfel \u00eenc\u00e2t s\u0103 promoveze cele mai \u00eenalte valori artistice \u0219i s\u0103 ofere experien\u021be estetice memorabile. Unic\u0103 \u00een spa\u021biul academic din Rom\u00e2nia, Stagiunea de concerte a&hellip;&nbsp;<a href=\"https:\/\/centrulmuzical.unitbv.ro\/\" class=\"\" rel=\"bookmark\">Read More &raquo;<span class=\"screen-reader-text\"><\/span><\/a><\/p>\n","protected":false},"author":1,"featured_media":0,"parent":0,"menu_order":0,"comment_status":"closed","ping_status":"closed","template":"","meta":{"neve_meta_sidebar":"","neve_meta_container":"","neve_meta_enable_content_width":"","neve_meta_content_width":0,"neve_meta_title_alignment":"","neve_meta_author_avatar":"","neve_post_elements_order":"","neve_meta_disable_header":"","neve_meta_disable_footer":"","neve_meta_disable_title":"","footnotes":""},"class_list":["post-10","page","type-page","status-publish","hentry"],"_links":{"self":[{"href":"https:\/\/centrulmuzical.unitbv.ro\/index.php\/wp-json\/wp\/v2\/pages\/10","targetHints":{"allow":["GET"]}}],"collection":[{"href":"https:\/\/centrulmuzical.unitbv.ro\/index.php\/wp-json\/wp\/v2\/pages"}],"about":[{"href":"https:\/\/centrulmuzical.unitbv.ro\/index.php\/wp-json\/wp\/v2\/types\/page"}],"author":[{"embeddable":true,"href":"https:\/\/centrulmuzical.unitbv.ro\/index.php\/wp-json\/wp\/v2\/users\/1"}],"replies":[{"embeddable":true,"href":"https:\/\/centrulmuzical.unitbv.ro\/index.php\/wp-json\/wp\/v2\/comments?post=10"}],"version-history":[{"count":111,"href":"https:\/\/centrulmuzical.unitbv.ro\/index.php\/wp-json\/wp\/v2\/pages\/10\/revisions"}],"predecessor-version":[{"id":1486,"href":"https:\/\/centrulmuzical.unitbv.ro\/index.php\/wp-json\/wp\/v2\/pages\/10\/revisions\/1486"}],"wp:attachment":[{"href":"https:\/\/centrulmuzical.unitbv.ro\/index.php\/wp-json\/wp\/v2\/media?parent=10"}],"curies":[{"name":"wp","href":"https:\/\/api.w.org\/{rel}","templated":true}]}}